{"id":15460,"date":"2024-07-16T09:19:04","date_gmt":"2024-07-16T07:19:04","guid":{"rendered":"https:\/\/cm-site.fidelodev.be\/?page_id=15460"},"modified":"2024-10-25T09:28:19","modified_gmt":"2024-10-25T07:28:19","slug":"manger-local","status":"publish","type":"page","link":"https:\/\/cm-site.fidelodev.be\/fr\/manger-local\/","title":{"rendered":"Manger local"},"content":{"rendered":"\n<div class=\"wp-block-cover alignfull default-page-template-top\"><span aria-hidden=\"true\" class=\"wp-block-cover__background has-black-background-color has-background-dim-30 has-background-dim\"><\/span><img decoding=\"async\" class=\"wp-block-cover__image-background wp-image-16702\" alt=\"\" src=\"https:\/\/charleroi-metropole.be\/wp-content\/uploads\/2024\/08\/03_-cuisine-centrale-et-recherche-2200x0-c-default.jpg\" data-object-fit=\"cover\"\/><div class=\"wp-block-cover__inner-container is-layout-constrained wp-block-cover-is-layout-constrained\">\n<div class=\"wp-block-group default-page-template-top-content has-white-color has-text-color has-link-color wp-elements-5ff236893a0c0705e0f7cc3b5f956552 is-layout-constrained wp-block-group-is-layout-constrained\"><h1 class=\"alignfull wp-block-post-title\">Manger local<\/h1>\n\n\n<p class=\"has-body-font-family\" style=\"margin-right:0;margin-left:0\">Avec plus de 90.000ha de surface agricole, le territoire de Charleroi M\u00e9tropole poss\u00e8de un potentiel productif diversifi\u00e9 susceptible de r\u00e9pondre \u00e0 la demande alimentaire locale et ext\u00e9rieure. <\/p>\n\n\n\n<p class=\"has-body-font-family\" style=\"margin-right:0;margin-left:0\">La strat\u00e9gie poursuivie par l\u2019\u00e9cosyst\u00e8me <strong>Food.C<\/strong> vise la relocalisation de l\u2019alimentation et de la production. <\/p>\n\n\n\n<p class=\"has-body-font-family\" style=\"margin-right:0;margin-left:0\">Son objectif principal est de structurer la fili\u00e8re agroalimentaire vers davantage de <strong>durabilit\u00e9<\/strong>, d\u2019<strong>inclusion sociale<\/strong>, et de<strong> r\u00e9silience territoriale<\/strong>.<\/p>\n<\/div>\n\n\n\n<div class=\"wp-block-group alignwide default-page-template-header-card-container is-layout-constrained wp-block-group-is-layout-constrained\">\n<div class=\"wp-block-group default-page-template-header-card has-background is-content-justification-center is-layout-constrained wp-container-core-group-is-layout-3 wp-block-group-is-layout-constrained\" style=\"border-radius:40px;background-color:#a6bca3;padding-top:var(--wp--preset--spacing--30);padding-right:var(--wp--preset--spacing--30);padding-bottom:var(--wp--preset--spacing--30);padding-left:var(--wp--preset--spacing--30)\">\n<div class=\"wp-block-group is-layout-constrained wp-block-group-is-layout-constrained\">\n<figure class=\"wp-block-image size-full is-resized has-custom-border\"><img loading=\"lazy\" decoding=\"async\" width=\"410\" height=\"410\" src=\"https:\/\/charleroi-metropole.be\/wp-content\/uploads\/2022\/02\/foodc-color-convertimage-2.jpg\" alt=\"\" class=\"wp-image-8487\" style=\"border-radius:40px;width:249px;height:auto\" srcset=\"https:\/\/cm-site.fidelodev.be\/wp-content\/uploads\/2022\/02\/foodc-color-convertimage-2.jpg 410w, https:\/\/cm-site.fidelodev.be\/wp-content\/uploads\/2022\/02\/foodc-color-convertimage-2-300x300.jpg 300w\" sizes=\"(max-width: 410px) 100vw, 410px\" \/><\/figure>\n\n\n\n<h2 class=\"wp-block-heading has-body-font-family\" style=\"margin-top:var(--wp--preset--spacing--30)\">Un seul site web !<\/h2>\n\n\n\n<p class=\"has-body-font-family\">Vous souhaitez en savoir plus sur la strat\u00e9gie ?&nbsp;<\/p>\n<\/div>\n\n\n\n<div style=\"height:75px\" aria-hidden=\"true\" class=\"wp-block-spacer\"><\/div>\n\n\n\n<div class=\"wp-block-buttons rounded-btn is-content-justification-center is-layout-flex wp-container-core-buttons-is-layout-1 wp-block-buttons-is-layout-flex\">\n<div class=\"wp-block-button\"><a class=\"wp-block-button__link has-background wp-element-button\" style=\"background-color:#a6bca3\">CTA<\/a><\/div>\n<\/div>\n<\/div>\n<\/div>\n<\/div><\/div>\n\n\n\n<div style=\"height:100px\" aria-hidden=\"true\" class=\"wp-block-spacer\"><\/div>\n\n\n\n<div class=\"wp-block-group alignfull is-layout-constrained wp-block-group-is-layout-constrained\">\n<div style=\"height:300px\" aria-hidden=\"true\" class=\"wp-block-spacer\"><\/div>\n\n\n\n<div class=\"wp-block-media-text alignwide is-stacked-on-mobile is-vertically-aligned-center wp-block-media-text_modified has-background\" style=\"background-color:#a6bca3\"><figure class=\"wp-block-media-text__media\"><img loading=\"lazy\" decoding=\"async\" width=\"1600\" height=\"1067\" src=\"https:\/\/charleroi-metropole.be\/wp-content\/uploads\/2018\/09\/habiter-manger-local-titre-1600x1067.png\" alt=\"\" class=\"wp-image-1848 size-full\" srcset=\"https:\/\/cm-site.fidelodev.be\/wp-content\/uploads\/2018\/09\/habiter-manger-local-titre-1600x1067.png 1600w, https:\/\/cm-site.fidelodev.be\/wp-content\/uploads\/2018\/09\/habiter-manger-local-titre-600x400.png 600w, https:\/\/cm-site.fidelodev.be\/wp-content\/uploads\/2018\/09\/habiter-manger-local-titre-768x512.png 768w, https:\/\/cm-site.fidelodev.be\/wp-content\/uploads\/2018\/09\/habiter-manger-local-titre.png 1920w\" sizes=\"(max-width: 1600px) 100vw, 1600px\" \/><\/figure><div class=\"wp-block-media-text__content\">\n<div class=\"wp-block-group is-layout-constrained wp-block-group-is-layout-constrained\" style=\"padding-top:var(--wp--preset--spacing--30);padding-bottom:var(--wp--preset--spacing--30)\">\n<h2 class=\"wp-block-heading has-body-font-family\">Trouver des points de vente de produits locaux<\/h2>\n\n\n\n<p class=\"has-body-font-family\" style=\"font-size:16px\"><strong><em>Savez-vous qu&rsquo;avant d&rsquo;\u00eatre consomm\u00e9s, nos aliments parcourent en moyenne 2500 kilom\u00e8tres ?<\/em><\/strong> <\/p>\n\n\n\n<p class=\"has-body-font-family\" style=\"font-size:16px\">Manger local c&rsquo;est r\u00e9duire cet impact \u00e9cologique, mais aussi \u00e9viter le suremballage et consommer des aliments plus frais, dont on connait la provenance et les conditions dans lesquelles ils ont \u00e9t\u00e9 produits. C&rsquo;est aussi favoriser l&rsquo;\u00e9conomie locale !<br><br>Charleroi M\u00e9tropole regorge de producteurs, qui \u0153uvrent chaque jour pour le contenu de nos assiettes : fruits et l\u00e9gumes, fromages et autres produits laitiers, viande, produits transform\u00e9s&#8230; Alors qu&rsquo;attendez-vous pour vous faire, vous faire plaisir, et faire plaisir \u00e0 la plan\u00e8te ?<\/p>\n\n\n\n<div class=\"wp-block-buttons is-layout-flex wp-block-buttons-is-layout-flex\">\n<div class=\"wp-block-button has-custom-width wp-block-button__width-100 has-custom-font-size is-style-fill\" style=\"font-size:22px;font-style:normal;font-weight:700\"><a class=\"wp-block-button__link has-white-color has-text-color has-background has-link-color wp-element-button\" href=\"https:\/\/food-c.charleroi-metropole.be\/producteurs\" style=\"border-style:none;border-width:0px;border-radius:100px;background-color:#eb5d27\" target=\"_blank\" rel=\"noreferrer noopener\">D\u00e9couvrez-les sur notre carte interactive<\/a><\/div>\n<\/div>\n<\/div>\n<\/div><\/div>\n\n\n\n<div style=\"height:100px\" aria-hidden=\"true\" class=\"wp-block-spacer\"><\/div>\n\n\n\n<div class=\"wp-block-media-text alignwide has-media-on-the-right is-stacked-on-mobile is-vertically-aligned-center wp-block-media-text_modified has-pastel-green-background-color has-background\"><div class=\"wp-block-media-text__content\">\n<div class=\"wp-block-group is-layout-constrained wp-block-group-is-layout-constrained\" style=\"padding-top:var(--wp--preset--spacing--30);padding-bottom:var(--wp--preset--spacing--30)\">\n<h2 class=\"wp-block-heading has-black-color has-text-color has-link-color wp-elements-2f1cc4efb6a1cfbf4632a267cb8223c0\">Vous souhaitez vous former \u00e0 des m\u00e9tiers de l\u2019agroalimentaire ?<\/h2>\n\n\n\n<p class=\"has-body-font-family\" style=\"font-size:16px\">Les op\u00e9rateurs de formation de Charleroi M\u00e9tropole proposent une multitude de cursus en lien avec le secteur, qu&rsquo;ils s&rsquo;agissent de m\u00e9tiers en lien avec la production, la transformation ou la consommation.<\/p>\n\n\n\n<p class=\"has-body-font-family\" style=\"font-size:16px\">Arboriculture fruiti\u00e8re, maraichage, boulangerie, restauration, d\u00e9couverte des plantes sauvages comestibles ou des champignons des bois, apiculture&#8230; En journ\u00e9e, en horaire d\u00e9cal\u00e9, en alternance, en promotion sociale ou en haute \u00e9cole&#8230; Il y a s\u00fbrement une formation faite pour vous !<\/p>\n<\/div>\n\n\n\n<div class=\"wp-block-buttons is-content-justification-center is-layout-flex wp-container-core-buttons-is-layout-3 wp-block-buttons-is-layout-flex\">\n<div class=\"wp-block-button has-custom-width wp-block-button__width-100 has-custom-font-size is-style-fill\" style=\"font-size:22px;font-style:normal;font-weight:700\"><a class=\"wp-block-button__link has-white-color has-text-color has-background has-link-color wp-element-button\" href=\"https:\/\/food-c.charleroi-metropole.be\/recherche-de-formation\" style=\"border-style:none;border-width:0px;border-radius:100px;background-color:#eb5d27\" target=\"_blank\" rel=\"noreferrer noopener\">D\u00e9couvrez toutes nos formations<\/a><\/div>\n<\/div>\n<\/div><figure class=\"wp-block-media-text__media\"><img loading=\"lazy\" decoding=\"async\" width=\"1600\" height=\"1065\" src=\"https:\/\/charleroi-metropole.be\/wp-content\/uploads\/2020\/10\/charleroi-metropole-fromagere-ferme-e1603203919470-1600x1065.jpg\" alt=\"\" class=\"wp-image-6432 size-full\" srcset=\"https:\/\/cm-site.fidelodev.be\/wp-content\/uploads\/2020\/10\/charleroi-metropole-fromagere-ferme-e1603203919470-1600x1065.jpg 1600w, https:\/\/cm-site.fidelodev.be\/wp-content\/uploads\/2020\/10\/charleroi-metropole-fromagere-ferme-e1603203919470-600x400.jpg 600w, https:\/\/cm-site.fidelodev.be\/wp-content\/uploads\/2020\/10\/charleroi-metropole-fromagere-ferme-e1603203919470-768x511.jpg 768w, https:\/\/cm-site.fidelodev.be\/wp-content\/uploads\/2020\/10\/charleroi-metropole-fromagere-ferme-e1603203919470.jpg 1622w\" sizes=\"(max-width: 1600px) 100vw, 1600px\" \/><\/figure><\/div>\n\n\n\n<div style=\"height:100px\" aria-hidden=\"true\" class=\"wp-block-spacer\"><\/div>\n\n\n\n<div class=\"wp-block-group alignwide custom-media-text-cta-arrow has-background is-nowrap is-layout-flex wp-container-core-group-is-layout-8 wp-block-group-is-layout-flex\" style=\"border-radius:50px;background-color:#eb5d27;padding-top:var(--wp--preset--spacing--40);padding-right:var(--wp--preset--spacing--40);padding-bottom:var(--wp--preset--spacing--40);padding-left:var(--wp--preset--spacing--40)\">\n<figure class=\"wp-block-image size-thumbnail has-custom-border wp-container-content-1\"><img loading=\"lazy\" decoding=\"async\" width=\"300\" height=\"300\" src=\"https:\/\/cm-site.fidelodev.be\/wp-content\/uploads\/2024\/07\/foodc-color-300x300.jpg\" alt=\"\" class=\"wp-image-15479\" style=\"border-radius:40px\" srcset=\"https:\/\/cm-site.fidelodev.be\/wp-content\/uploads\/2024\/07\/foodc-color-300x300.jpg 300w, https:\/\/cm-site.fidelodev.be\/wp-content\/uploads\/2024\/07\/foodc-color-600x600.jpg 600w, https:\/\/cm-site.fidelodev.be\/wp-content\/uploads\/2024\/07\/foodc-color-1600x1600.jpg 1600w, https:\/\/cm-site.fidelodev.be\/wp-content\/uploads\/2024\/07\/foodc-color-768x768.jpg 768w, https:\/\/cm-site.fidelodev.be\/wp-content\/uploads\/2024\/07\/foodc-color-1536x1536.jpg 1536w, https:\/\/cm-site.fidelodev.be\/wp-content\/uploads\/2024\/07\/foodc-color-2048x2048.jpg 2048w\" sizes=\"(max-width: 300px) 100vw, 300px\" \/><\/figure>\n\n\n\n<div class=\"wp-block-group has-white-color has-text-color has-link-color wp-elements-39f80e13eba7e289bf89e0a9799c8add wp-container-content-3 is-layout-constrained wp-container-core-group-is-layout-7 wp-block-group-is-layout-constrained\">\n<h2 class=\"wp-block-heading has-white-color has-text-color has-link-color wp-elements-60c87083fa744193a8bc45245f4ff087\">Les actualit\u00e9s du secteur vous int\u00e9ressent ?<\/h2>\n\n\n\n<div style=\"height:50px\" aria-hidden=\"true\" class=\"wp-block-spacer\"><\/div>\n\n\n\n<div class=\"wp-block-buttons wp-container-content-2 is-layout-flex wp-block-buttons-is-layout-flex\">\n<div class=\"wp-block-button has-custom-width wp-block-button__width-75 has-custom-font-size is-style-outline is-style-outline--7778b803c3b36c5a8c367f8a7b9bee3b\" style=\"font-size:22px;font-style:normal;font-weight:700\"><a class=\"wp-block-button__link has-white-color has-text-color has-background has-link-color wp-element-button\" href=\"https:\/\/food-c.charleroi-metropole.be\/actualites\" style=\"background-color:#eb5d27\" target=\"_blank\" rel=\"noreferrer noopener\">Rendez-vous sur Food.C !<\/a><\/div>\n<\/div>\n\n\n\n<div style=\"height:30px\" aria-hidden=\"true\" class=\"wp-block-spacer\"><\/div>\n<\/div>\n\n\n\n<div class=\"wp-block-buttons rounded-btn is-content-justification-center is-layout-flex wp-container-core-buttons-is-layout-5 wp-block-buttons-is-layout-flex\">\n<div class=\"wp-block-button\"><a class=\"wp-block-button__link has-background wp-element-button\" href=\"https:\/\/food-c.charleroi-metropole.be\/actualites\" style=\"background-color:#eb5d27\" target=\"_blank\" rel=\"noreferrer noopener\">CTA<\/a><\/div>\n<\/div>\n<\/div>\n\n\n\n<div style=\"height:150px\" aria-hidden=\"true\" class=\"wp-block-spacer\"><\/div>\n<\/div>\n\n\n\n<div class=\"wp-block-group alignwide is-layout-constrained wp-block-group-is-layout-constrained\">\n<div class=\"wp-block-buttons alignwide is-layout-flex wp-block-buttons-is-layout-flex\" style=\"margin-bottom:16px\">\n<div class=\"wp-block-button\"><a class=\"wp-block-button__link has-primary-background-color has-background wp-element-button\" style=\"border-radius:8px\">Blog<\/a><\/div>\n<\/div>\n\n\n\n<div class=\"wp-block-group alignwide is-content-justification-space-between is-nowrap is-layout-flex wp-container-core-group-is-layout-10 wp-block-group-is-layout-flex\">\n<h3 class=\"wp-block-heading home__boroughs__title\">Nos derniers articles en relation <\/h3>\n\n\n\n<div class=\"wp-block-buttons is-layout-flex wp-block-buttons-is-layout-flex\">\n<div class=\"wp-block-button\"><a class=\"wp-block-button__link has-contrast-color has-base-2-background-color has-text-color has-background has-link-color wp-element-button\" style=\"border-width:2px\">Tous les articles<\/a><\/div>\n<\/div>\n<\/div>\n\n\n\n<div style=\"height:60px\" aria-hidden=\"true\" class=\"wp-block-spacer\"><\/div>\n\n\n\n<div class=\"wp-block-query alignwide is-layout-flow wp-block-query-is-layout-flow\"><ul class=\"columns-3 wp-block-post-template is-layout-grid wp-container-core-post-template-is-layout-1 wp-block-post-template-is-layout-grid\"><li class=\"wp-block-post post-9095 post type-post status-publish format-standard has-post-thumbnail hentry category-alimentation-locale category-dynamisme-economique category-education tag-alimentation-locale tag-alimentation-saine tag-cuisine-centrale tag-food-c tag-recherche\">\n\n<div class=\"wp-block-group is-vertical is-content-justification-stretch is-layout-flex wp-container-core-group-is-layout-11 wp-block-group-is-layout-flex\" style=\"min-height:100%\"><figure style=\"aspect-ratio:3\/2;width:100%;\" class=\"wp-block-post-featured-image wp-container-content-4\"><a href=\"https:\/\/cm-site.fidelodev.be\/fr\/une-cuisine-centrale-et-des-projets-de-recherche-au-service-dune-alimentation-locale-et-de-qualite\/\" target=\"_self\"  ><img loading=\"lazy\" decoding=\"async\" width=\"1840\" height=\"864\" src=\"https:\/\/cm-site.fidelodev.be\/wp-content\/uploads\/2022\/10\/03_-cuisine-centrale-et-recherche.png\" class=\"attachment-post-thumbnail size-post-thumbnail wp-post-image\" alt=\"Une cuisine centrale et des projets de recherche au service d&rsquo;une alimentation locale et de qualit\u00e9\" style=\"border-radius:30px;width:100%;height:100%;object-fit:cover;\" srcset=\"https:\/\/cm-site.fidelodev.be\/wp-content\/uploads\/2022\/10\/03_-cuisine-centrale-et-recherche.png 1840w, https:\/\/cm-site.fidelodev.be\/wp-content\/uploads\/2022\/10\/03_-cuisine-centrale-et-recherche-600x282.png 600w, https:\/\/cm-site.fidelodev.be\/wp-content\/uploads\/2022\/10\/03_-cuisine-centrale-et-recherche-768x361.png 768w, https:\/\/cm-site.fidelodev.be\/wp-content\/uploads\/2022\/10\/03_-cuisine-centrale-et-recherche-1600x751.png 1600w\" sizes=\"(max-width: 1840px) 100vw, 1840px\" \/><\/a><\/figure>\n\n<h2 class=\"wp-block-post-title\">Une cuisine centrale et des projets de recherche au service d&rsquo;une alimentation locale et de qualit\u00e9<\/h2>\n\n<div class=\"wp-block-post-date\"><time datetime=\"2022-10-20T12:07:10+02:00\">20\/10\/2022<\/time><\/div><\/div>\n\n<\/li><li class=\"wp-block-post post-9010 post type-post status-publish format-standard has-post-thumbnail hentry category-alimentation-locale category-autres category-decouverte category-horeca category-lifestyle tag-mariage tag-patrimoine tag-reception tag-salles\">\n\n<div class=\"wp-block-group is-vertical is-content-justification-stretch is-layout-flex wp-container-core-group-is-layout-12 wp-block-group-is-layout-flex\" style=\"min-height:100%\"><figure style=\"aspect-ratio:3\/2;width:100%;\" class=\"wp-block-post-featured-image wp-container-content-5\"><a href=\"https:\/\/cm-site.fidelodev.be\/fr\/se-marier-a-charleroi-metropole-les-plus-belles-salles-de-reception\/\" target=\"_self\"  ><img loading=\"lazy\" decoding=\"async\" width=\"1920\" height=\"1280\" src=\"https:\/\/cm-site.fidelodev.be\/wp-content\/uploads\/2022\/10\/charleroi-metropole-salle-mariage.jpg\" class=\"attachment-post-thumbnail size-post-thumbnail wp-post-image\" alt=\"Se marier \u00e0 Charleroi M\u00e9tropole: les plus belles salles de r\u00e9ception\" style=\"border-radius:30px;width:100%;height:100%;object-fit:cover;\" srcset=\"https:\/\/cm-site.fidelodev.be\/wp-content\/uploads\/2022\/10\/charleroi-metropole-salle-mariage.jpg 1920w, https:\/\/cm-site.fidelodev.be\/wp-content\/uploads\/2022\/10\/charleroi-metropole-salle-mariage-600x400.jpg 600w, https:\/\/cm-site.fidelodev.be\/wp-content\/uploads\/2022\/10\/charleroi-metropole-salle-mariage-768x512.jpg 768w, https:\/\/cm-site.fidelodev.be\/wp-content\/uploads\/2022\/10\/charleroi-metropole-salle-mariage-1600x1067.jpg 1600w\" sizes=\"(max-width: 1920px) 100vw, 1920px\" \/><\/a><\/figure>\n\n<h2 class=\"wp-block-post-title\">Se marier \u00e0 Charleroi M\u00e9tropole: les plus belles salles de r\u00e9ception<\/h2>\n\n<div class=\"wp-block-post-date\"><time datetime=\"2022-10-13T11:17:52+02:00\">13\/10\/2022<\/time><\/div><\/div>\n\n<\/li><li class=\"wp-block-post post-9003 post type-post status-publish format-standard has-post-thumbnail hentry category-alimentation-locale category-education tag-alimentation-saine-alimentation-locale-formation-sensibilisation-cricuit-court\">\n\n<div class=\"wp-block-group is-vertical is-content-justification-stretch is-layout-flex wp-container-core-group-is-layout-13 wp-block-group-is-layout-flex\" style=\"min-height:100%\"><figure style=\"aspect-ratio:3\/2;width:100%;\" class=\"wp-block-post-featured-image wp-container-content-6\"><a href=\"https:\/\/cm-site.fidelodev.be\/fr\/quels-outils-pour-sensibiliser-les-publics-et-former-aux-metiers-lies-a-lalimentation\/\" target=\"_self\"  ><img loading=\"lazy\" decoding=\"async\" width=\"1840\" height=\"864\" src=\"https:\/\/cm-site.fidelodev.be\/wp-content\/uploads\/2022\/10\/04_-formation-sensibilisation.png\" class=\"attachment-post-thumbnail size-post-thumbnail wp-post-image\" alt=\"Quels outils pour sensibiliser les publics et former aux m\u00e9tiers li\u00e9s \u00e0 l&rsquo;alimentation ?\" style=\"border-radius:30px;width:100%;height:100%;object-fit:cover;\" srcset=\"https:\/\/cm-site.fidelodev.be\/wp-content\/uploads\/2022\/10\/04_-formation-sensibilisation.png 1840w, https:\/\/cm-site.fidelodev.be\/wp-content\/uploads\/2022\/10\/04_-formation-sensibilisation-600x282.png 600w, https:\/\/cm-site.fidelodev.be\/wp-content\/uploads\/2022\/10\/04_-formation-sensibilisation-768x361.png 768w, https:\/\/cm-site.fidelodev.be\/wp-content\/uploads\/2022\/10\/04_-formation-sensibilisation-1600x751.png 1600w\" sizes=\"(max-width: 1840px) 100vw, 1840px\" \/><\/a><\/figure>\n\n<h2 class=\"wp-block-post-title\">Quels outils pour sensibiliser les publics et former aux m\u00e9tiers li\u00e9s \u00e0 l&rsquo;alimentation ?<\/h2>\n\n<div class=\"wp-block-post-date\"><time datetime=\"2022-10-12T13:26:17+02:00\">12\/10\/2022<\/time><\/div><\/div>\n\n<\/li><\/ul>\n\n<\/div>\n<\/div>\n\n\n\n<div style=\"height:100px\" aria-hidden=\"true\" class=\"wp-block-spacer\"><\/div>\n","protected":false},"excerpt":{"rendered":"<p>Charleroi M\u00e9tropole vise, au travers de sa strat\u00e9gie Food. C, \u00e0 acc\u00e9l\u00e9rer la transition vers une alimentation locale, durable, saine et accessible \u00e0 toutes et tous. <\/p>\n<p>Avec plus de 90.000ha de surface agricole, le territoire de Charleroi M\u00e9tropole poss\u00e8de un potentiel productif diversifi\u00e9 susceptible de r\u00e9pondre \u00e0 la demande alimentaire locale et ext\u00e9rieure. La strat\u00e9gie poursuivie par l\u2019\u00e9cosyst\u00e8me Food.C vise la relocalisation de l\u2019alimentation et de la production. Son objectif principal est de structurer la fili\u00e8re agroalimentaire vers davantage de durabilit\u00e9, d\u2019inclusion sociale, et de r\u00e9silience territoriale. <\/p>\n","protected":false},"author":17,"featured_media":15013,"parent":0,"menu_order":0,"comment_status":"closed","ping_status":"closed","template":"","meta":{"footnotes":""},"class_list":["post-15460","page","type-page","status-publish","has-post-thumbnail","hentry"],"_links":{"self":[{"href":"https:\/\/cm-site.fidelodev.be\/fr\/wp-json\/wp\/v2\/pages\/15460"}],"collection":[{"href":"https:\/\/cm-site.fidelodev.be\/fr\/wp-json\/wp\/v2\/pages"}],"about":[{"href":"https:\/\/cm-site.fidelodev.be\/fr\/wp-json\/wp\/v2\/types\/page"}],"author":[{"embeddable":true,"href":"https:\/\/cm-site.fidelodev.be\/fr\/wp-json\/wp\/v2\/users\/17"}],"replies":[{"embeddable":true,"href":"https:\/\/cm-site.fidelodev.be\/fr\/wp-json\/wp\/v2\/comments?post=15460"}],"version-history":[{"count":29,"href":"https:\/\/cm-site.fidelodev.be\/fr\/wp-json\/wp\/v2\/pages\/15460\/revisions"}],"predecessor-version":[{"id":15549,"href":"https:\/\/cm-site.fidelodev.be\/fr\/wp-json\/wp\/v2\/pages\/15460\/revisions\/15549"}],"wp:featuredmedia":[{"embeddable":true,"href":"https:\/\/cm-site.fidelodev.be\/fr\/wp-json\/wp\/v2\/media\/15013"}],"wp:attachment":[{"href":"https:\/\/cm-site.fidelodev.be\/fr\/wp-json\/wp\/v2\/media?parent=15460"}],"curies":[{"name":"wp","href":"https:\/\/api.w.org\/{rel}","templated":true}]}}