{"id":6167,"date":"2020-09-23T10:58:36","date_gmt":"2020-09-23T08:58:36","guid":{"rendered":"https:\/\/www.charleroi-metropole.be\/?page_id=6167"},"modified":"2020-09-25T16:52:34","modified_gmt":"2020-09-25T14:52:34","slug":"projets","status":"publish","type":"page","link":"https:\/\/cm-site.fidelodev.be\/fr\/projets\/","title":{"rendered":"Projets"},"content":{"rendered":"<h2>Faire m\u00e9tropole<\/h2>\n<p>Charleroi M\u00e9tropole souhaite affirmer son identit\u00e9 et <strong>f\u00e9d\u00e9rer l\u2019ensemble de son territoire<\/strong> afin de poursuivre et renforcer un projet largement partag\u00e9 pour <strong>r\u00e9pondre aux d\u00e9fis de demain<\/strong>.<\/p>\n<p>Am\u00e9liorer les services et la mobilit\u00e9, d\u00e9velopper et promouvoir une alimentation saine et durable, d\u00e9velopper l\u2019offre de formation, mettre en lumi\u00e8re l\u2019offre touristique et culturelle, poursuivre la dynamique de d\u00e9veloppement des entreprises, stimuler l\u2019emploi local\u2026\u00a0: Charleroi M\u00e9tropole a pour ambition d\u2019<strong>am\u00e9liorer le quotidien de chaque habitant<\/strong>, en mutualisant les ressources, les comp\u00e9tences et les forces des uns et des autres. De nombreux d\u00e9fis ne peuvent en effet \u00eatre relev\u00e9s qu\u2019\u00e0 une <strong>\u00e9chelle supralocale<\/strong>.<\/p>\n","protected":false},"excerpt":{"rendered":"<p>Charleroi M\u00e9tropole, des projets concrets au b\u00e9n\u00e9fice des citoyens et des communes<\/p>\n","protected":false},"author":1,"featured_media":6171,"parent":0,"menu_order":0,"comment_status":"closed","ping_status":"closed","template":"template-projects.php","meta":{"footnotes":""},"class_list":["post-6167","page","type-page","status-publish","has-post-thumbnail","hentry"],"_links":{"self":[{"href":"https:\/\/cm-site.fidelodev.be\/fr\/wp-json\/wp\/v2\/pages\/6167"}],"collection":[{"href":"https:\/\/cm-site.fidelodev.be\/fr\/wp-json\/wp\/v2\/pages"}],"about":[{"href":"https:\/\/cm-site.fidelodev.be\/fr\/wp-json\/wp\/v2\/types\/page"}],"author":[{"embeddable":true,"href":"https:\/\/cm-site.fidelodev.be\/fr\/wp-json\/wp\/v2\/users\/1"}],"replies":[{"embeddable":true,"href":"https:\/\/cm-site.fidelodev.be\/fr\/wp-json\/wp\/v2\/comments?post=6167"}],"version-history":[{"count":1,"href":"https:\/\/cm-site.fidelodev.be\/fr\/wp-json\/wp\/v2\/pages\/6167\/revisions"}],"predecessor-version":[{"id":6198,"href":"https:\/\/cm-site.fidelodev.be\/fr\/wp-json\/wp\/v2\/pages\/6167\/revisions\/6198"}],"wp:featuredmedia":[{"embeddable":true,"href":"https:\/\/cm-site.fidelodev.be\/fr\/wp-json\/wp\/v2\/media\/6171"}],"wp:attachment":[{"href":"https:\/\/cm-site.fidelodev.be\/fr\/wp-json\/wp\/v2\/media?parent=6167"}],"curies":[{"name":"wp","href":"https:\/\/api.w.org\/{rel}","templated":true}]}}